{"id":731,"date":"2025-11-25T14:34:28","date_gmt":"2025-11-25T13:34:28","guid":{"rendered":"https:\/\/jacobsen-pohlmann.de\/impressum\/"},"modified":"2025-12-08T17:03:48","modified_gmt":"2025-12-08T16:03:48","slug":"impressum","status":"publish","type":"page","link":"https:\/\/jacobsen-pohlmann.de\/en\/impressum\/","title":{"rendered":"Imprint"},"content":{"rendered":"<div class=\"et_pb_section_0 et_pb_section et_section_regular et_block_section preset--group--divi-section--divi-background--default preset--module--divi-section--default\">\n<div class=\"et_pb_row_0 et_pb_row et_pb_gutters3 et_block_row preset--group--divi-row--divi-background--default\">\n<div class=\"et_pb_column_0 et_pb_column et_pb_column_4_4 et-last-child et_block_column et_pb_css_mix_blend_mode_passthrough preset--group--divi-column--divi-background--default preset--module--divi-column--default\">\n<div class=\"et_pb_text_0 et_pb_text et_pb_bg_layout_light et_pb_module et_block_module preset--group--divi-text--divi-background--default\"><div class=\"et_pb_text_inner\"><p><!-- wp:paragraph --><\/p>\n<h1><strong>IMPRESSUM<\/strong><strong><\/strong><\/h1>\n<p><strong><\/strong><\/p>\n<p><strong>Angaben gem\u00e4\u00df \u00a7 5 TMG<\/strong><\/p>\n<p><!-- \/wp:paragraph --><\/p>\n<p><!-- wp:paragraph --><\/p>\n<p><strong>Caligo\u00a0Kaffeer\u00f6sterei\u00a0UG<\/strong> (haftungsbeschr\u00e4nkt)<\/p>\n<p>Brand Design &amp; Creative Direction: Franziska Pohlmann<!-- wp:paragraph --><\/p>\n<p><!-- \/wp:paragraph --><\/p>\n<p>Hamburger Stra\u00dfe 254<br \/>22926 Ahrensburg<br \/>Deutschland<\/p>\n<p><!-- \/wp:paragraph --><\/p>\n<p><!-- wp:paragraph --><\/p>\n<p>Tel.: 04102 \/ 77\u00a080\u00a0507<\/p>\n<p><!-- \/wp:paragraph --><\/p>\n<p><!-- wp:paragraph --><\/p>\n<p>E-Mail: sven.jacobsen@caligo-kaffee.de<\/p>\n<p><!-- \/wp:paragraph --><\/p>\n<p><!-- wp:paragraph --><\/p>\n<p>Registergericht: Amtsgericht L\u00fcbeck<br \/>Registernummer: HRB14877HL<\/p>\n<p><!-- \/wp:paragraph --><\/p>\n<p><!-- wp:paragraph --><\/p>\n<p>Gesch\u00e4ftsf\u00fchrer: Sven Jacobsen<\/p>\n<p><!-- \/wp:paragraph --><\/p>\n<p><!-- wp:paragraph --><\/p>\n<p>Umsatzsteuer-Identifikationsnummer gem\u00e4\u00df \u00a7 27 a Umsatzsteuergesetz: DE303306303<\/p>\n<p><!-- \/wp:paragraph --><\/p>\n<p><!-- wp:paragraph --><\/p>\n<p>\u00d6ko-Kontrollstelle DE-\u00d6KO-005<br \/>Mitglied im Deutschen Kaffeeverband e.V.<a href=\"https:\/\/caligo-kaffee.com\/pages\/bildernachweis\"><\/a><\/p>\n<h3><strong><\/strong><\/h3>\n<h3><strong>Copyright<\/strong>\u00a0<\/h3>\n<p>Die Inhalte dieser Website sind urheberrechtlich gesch\u00fctzt. S\u00e4mtliche verwendeten Fotografien, Grafiken, Illustrationen, Logos, Texte und Layouts d\u00fcrfen ohne vorherige schriftliche Zustimmung der jeweiligen Rechteinhaberin weder vollst\u00e4ndig noch auszugsweise vervielf\u00e4ltigt, verbreitet oder in anderen elektronischen oder gedruckten Publikationen verwendet werden.<\/p>\n<p data-start=\"900\" data-end=\"933\"><strong data-start=\"1079\" data-end=\"1106\">Urheberin \/ Gestaltung:<\/strong> \u00a9 Franziska Pohlmann, soweit nicht anders angegeben.<\/p>\n<p data-start=\"1308\" data-end=\"1336\"><strong data-start=\"1308\" data-end=\"1336\">Nutzungsrechte \/ Website: <\/strong>Die <strong data-start=\"1344\" data-end=\"1394\">Caligo Coffee R\u00f6sterei UG (haftungsbeschr\u00e4nkt)<\/strong> ist zur Nutzung der oben genannten Inhalte im Rahmen dieser Website und der Vermarktung der Produkte berechtigt.<\/p>\n<p><!-- wp:spacer {\"height\":\"2em\"} --><\/p>\n<p><!-- \/wp:spacer --><\/p>\n<p><!-- wp:shortcode --><br \/><div class=\"woocommerce woocommerce-gzd woocommerce-gzd-complaints-shortcode\">\n\t\t\t<h3>Alternative Dispute Resolution in accordance with Art. 14 (1) ODR-VO and \u00a7 36 VSBG:<\/h3>\n\t\nZur Teilnahme an einem Streitbeilegungsverfahren vor einer Verbraucherschlichtungsstelle sind wir nicht verpflichtet und nicht bereit.<\/div><br \/><!-- \/wp:shortcode --><\/p>\n<p>&nbsp;<\/p>\n<div style=\"height: 2em;\" aria-hidden=\"true\" class=\"wp-block-spacer\"><\/div>\n<p><!-- \/wp:spacer --><\/p>\n<\/div><\/div>\n<\/div>\n<\/div>\n<\/div>","protected":false},"excerpt":{"rendered":"","protected":false},"author":1,"featured_media":0,"parent":0,"menu_order":0,"comment_status":"closed","ping_status":"closed","template":"","meta":{"footnotes":""},"class_list":["post-731","page","type-page","status-publish","hentry"],"_links":{"self":[{"href":"https:\/\/jacobsen-pohlmann.de\/en\/wp-json\/wp\/v2\/pages\/731","targetHints":{"allow":["GET"]}}],"collection":[{"href":"https:\/\/jacobsen-pohlmann.de\/en\/wp-json\/wp\/v2\/pages"}],"about":[{"href":"https:\/\/jacobsen-pohlmann.de\/en\/wp-json\/wp\/v2\/types\/page"}],"author":[{"embeddable":true,"href":"https:\/\/jacobsen-pohlmann.de\/en\/wp-json\/wp\/v2\/users\/1"}],"replies":[{"embeddable":true,"href":"https:\/\/jacobsen-pohlmann.de\/en\/wp-json\/wp\/v2\/comments?post=731"}],"version-history":[{"count":10,"href":"https:\/\/jacobsen-pohlmann.de\/en\/wp-json\/wp\/v2\/pages\/731\/revisions"}],"predecessor-version":[{"id":949,"href":"https:\/\/jacobsen-pohlmann.de\/en\/wp-json\/wp\/v2\/pages\/731\/revisions\/949"}],"wp:attachment":[{"href":"https:\/\/jacobsen-pohlmann.de\/en\/wp-json\/wp\/v2\/media?parent=731"}],"curies":[{"name":"wp","href":"https:\/\/api.w.org\/{rel}","templated":true}]}}