{"id":742,"date":"2025-11-25T17:59:28","date_gmt":"2025-11-25T16:59:28","guid":{"rendered":"https:\/\/jacobsen-pohlmann.de\/?post_type=product&#038;p=742"},"modified":"2026-01-19T08:24:39","modified_gmt":"2026-01-19T07:24:39","slug":"copenhagen-licht-liebe","status":"publish","type":"product","link":"https:\/\/jacobsen-pohlmann.de\/en\/product\/copenhagen-licht-liebe\/","title":{"rendered":"Copenhagen Licht &#038; Liebe Espresso"},"content":{"rendered":"<p class=\"p1\">Unsere \u201eLicht und Liebe\u201c Edition des Copenhagen Espresso Blend bringt Hyggeligkeit in die Herbst- und Winterzeit und vereint die n\u00f6rdliche Sonne mit samtiger F\u00fclle. Die Mischung ausgew\u00e4hlter Bohnen aus Betrieben in Brasilien, Kolumbien und Indonesien ergibt einen vollmundigen K\u00f6rper mit cremiger Textur \u2013 perfekt f\u00fcr die Zubereitung von Cappuccino und Latte-Getr\u00e4nken.<\/p>\n<p class=\"p1\">100% Arabica: Brazil Monte Belo, Kolumbien La Linda und Java Kayumas.<\/p>\n<p class=\"p1\">Jetzt zum Einf\u00fchrungspreis von 11,00 \u20ac je 250g.<\/p>\n<p class=\"p1\">Jacobsen &amp; Pohlmann ist ein Boutiquelabel aus Hamburg, das als Coffee Specialty Roaster der skandinavischen R\u00f6stung handverlesener Kaffees folgt. Wir lieben den Norden und haben unsere erste Editionsreihe dem hygge-Gef\u00fchl Copenhagens gewidmet. Warm, hochqualitativ, mit dem gewissen Extra. Begeben Sie sich mit unseren Sorten Filter, Espresso und Decaf (Evening Espresso) in belebende Morgenstunden, zu jeder Tageszeit an die K\u00fcste oder nach einem langen Spaziergang in einen gem\u00fctlichen Sessel mit einem guten Buch.<\/p>\n<pre id=\"tw-target-text\" class=\"tw-data-text tw-text-large XcVN5d tw-ta\" dir=\"ltr\" data-placeholder=\"\u00dcbersetzung\"><\/pre>","protected":false},"excerpt":{"rendered":"<p>Unsere \u201eLicht und Liebe\u201c Edition des Copenhagen Espresso bringt Hyggeligkeit in die Herbst- und Winterzeit und vereint die n\u00f6rdliche Sonne mit samtiger F\u00fclle. Die Mischung ausgew\u00e4hlter Bohnen aus Betrieben in Brasilien, Kolumbien und Indonesien ergibt einen vollmundigen K\u00f6rper mit cremiger Textur \u2013 perfekt f\u00fcr die Zubereitung von Cappuccino und Latte-Getr\u00e4nken.<\/p>\n<p>100% Arabica Bohnen aus Monte Belo (Brasilien), La Linda (Kolumbien) und Java Kayumas (Indonesien).<\/p>","protected":false},"featured_media":878,"template":"","meta":[],"product_brand":[],"product_cat":[23],"product_tag":[69,68,62,61,64,73,74,75],"class_list":{"0":"post-742","1":"product","2":"type-product","3":"status-publish","4":"has-post-thumbnail","6":"product_cat-unsere-kaffees","7":"product_tag-beach","8":"product_tag-coffee","9":"product_tag-copenhagen","10":"product_tag-espresso","11":"product_tag-hygge","12":"product_tag-jacobsen-und-pohlmann","13":"product_tag-licht","14":"product_tag-liebe","16":"first","17":"instock","18":"sale","19":"taxable","20":"shipping-taxable","21":"purchasable","22":"product-type-variable","23":"has-default-attributes"},"_links":{"self":[{"href":"https:\/\/jacobsen-pohlmann.de\/en\/wp-json\/wp\/v2\/product\/742","targetHints":{"allow":["GET"]}}],"collection":[{"href":"https:\/\/jacobsen-pohlmann.de\/en\/wp-json\/wp\/v2\/product"}],"about":[{"href":"https:\/\/jacobsen-pohlmann.de\/en\/wp-json\/wp\/v2\/types\/product"}],"wp:featuredmedia":[{"embeddable":true,"href":"https:\/\/jacobsen-pohlmann.de\/en\/wp-json\/wp\/v2\/media\/878"}],"wp:attachment":[{"href":"https:\/\/jacobsen-pohlmann.de\/en\/wp-json\/wp\/v2\/media?parent=742"}],"wp:term":[{"taxonomy":"product_brand","embeddable":true,"href":"https:\/\/jacobsen-pohlmann.de\/en\/wp-json\/wp\/v2\/product_brand?post=742"},{"taxonomy":"product_cat","embeddable":true,"href":"https:\/\/jacobsen-pohlmann.de\/en\/wp-json\/wp\/v2\/product_cat?post=742"},{"taxonomy":"product_tag","embeddable":true,"href":"https:\/\/jacobsen-pohlmann.de\/en\/wp-json\/wp\/v2\/product_tag?post=742"}],"curies":[{"name":"wp","href":"https:\/\/api.w.org\/{rel}","templated":true}]}}