{"id":759,"date":"2025-11-25T17:59:49","date_gmt":"2025-11-25T16:59:49","guid":{"rendered":"https:\/\/jacobsen-pohlmann.de\/?post_type=product&#038;p=759"},"modified":"2025-12-11T23:19:42","modified_gmt":"2025-12-11T22:19:42","slug":"copenhagen-espresso-blend-edition","status":"publish","type":"product","link":"https:\/\/jacobsen-pohlmann.de\/en\/product\/copenhagen-espresso-blend-edition\/","title":{"rendered":"Copenhagen Espresso Blend Edition"},"content":{"rendered":"<p class=\"p2\">Our\u00a0<strong>Copenhagen Espresso Blend Edition<\/strong>\u00a0passt perfekt an jeden Fr\u00fchst\u00fcckstisch oder\u00a0zum Nachmittagskaffee.\u00a0Die kuratierten Bohnen stammen aus ausgew\u00e4hlten Betrieben in Brasilien, Kolumbien und Indonesien \u2013 \u00adharmonisch abgestimmt f\u00fcr ein rundes, schokoladig-nussiges Aroma mit feiner S\u00fc\u00dfe.<\/p>\n<p class=\"p1\">100% Arabica Bohnen aus Monte Belo (Brasilien), \u00adLa Linda (Kolumbien) und Java Kayumas (Indonesien).<\/p>","protected":false},"excerpt":{"rendered":"<p>Unsere Copenhagen Espresso Blend Edition passt perfekt an jeden Fr\u00fchst\u00fcckstisch oder zum Nachmittagskaffee. Die kuratierten Bohnen stammen aus ausgew\u00e4hlten Betrieben in Brasilien, Kolumbien und Indonesien &#8211; harmonisch abgestimmt f\u00fcr ein rundes, schokoladig-nussiges Aroma mit feiner S\u00fc\u00dfe.<\/p>\n<p>100% Arabica beans from Monte Belo (Brazil), La Linda (Colombia) and Java Kayumas (Indonesia).<\/p>","protected":false},"featured_media":876,"template":"","meta":[],"product_brand":[],"product_cat":[23],"product_tag":[62,61,63,64],"class_list":{"0":"post-759","1":"product","2":"type-product","3":"status-publish","4":"has-post-thumbnail","6":"product_cat-unsere-kaffees","7":"product_tag-copenhagen","8":"product_tag-espresso","9":"product_tag-espresso-blend","10":"product_tag-hygge","12":"first","13":"instock","14":"sale","15":"taxable","16":"shipping-taxable","17":"purchasable","18":"product-type-variable","19":"has-default-attributes"},"_links":{"self":[{"href":"https:\/\/jacobsen-pohlmann.de\/en\/wp-json\/wp\/v2\/product\/759","targetHints":{"allow":["GET"]}}],"collection":[{"href":"https:\/\/jacobsen-pohlmann.de\/en\/wp-json\/wp\/v2\/product"}],"about":[{"href":"https:\/\/jacobsen-pohlmann.de\/en\/wp-json\/wp\/v2\/types\/product"}],"wp:featuredmedia":[{"embeddable":true,"href":"https:\/\/jacobsen-pohlmann.de\/en\/wp-json\/wp\/v2\/media\/876"}],"wp:attachment":[{"href":"https:\/\/jacobsen-pohlmann.de\/en\/wp-json\/wp\/v2\/media?parent=759"}],"wp:term":[{"taxonomy":"product_brand","embeddable":true,"href":"https:\/\/jacobsen-pohlmann.de\/en\/wp-json\/wp\/v2\/product_brand?post=759"},{"taxonomy":"product_cat","embeddable":true,"href":"https:\/\/jacobsen-pohlmann.de\/en\/wp-json\/wp\/v2\/product_cat?post=759"},{"taxonomy":"product_tag","embeddable":true,"href":"https:\/\/jacobsen-pohlmann.de\/en\/wp-json\/wp\/v2\/product_tag?post=759"}],"curies":[{"name":"wp","href":"https:\/\/api.w.org\/{rel}","templated":true}]}}