{"id":764,"date":"2025-11-25T17:59:38","date_gmt":"2025-11-25T16:59:38","guid":{"rendered":"https:\/\/jacobsen-pohlmann.de\/?post_type=product&#038;p=764"},"modified":"2026-01-19T08:22:09","modified_gmt":"2026-01-19T07:22:09","slug":"copenhagen-evening-coffee-decaf","status":"publish","type":"product","link":"https:\/\/jacobsen-pohlmann.de\/en\/product\/copenhagen-evening-coffee-decaf\/","title":{"rendered":"Copenhagen Evening Coffee DECAF"},"content":{"rendered":"<p class=\"p2\">Our <strong>Copenhagen Evening Coffee Decaf<\/strong> impresses with its full flavour - without any caffeine. Gently decaffeinated with pure water and carefully roasted, the beans develop soft notes of caramel and cocoa. Perfect for anyone who loves a late-night treat.<\/p>\n<p class=\"p2\">100% Arabica Espresso Water Decaf aus Brasilien.<\/p>\n<p class=\"p1\"><em>Jetzt zum Einf\u00fchrungspreis von 11,00 \u20ac je 250g.<\/em><\/p>\n<p class=\"p1\"><strong>Jacobsen &amp; Pohlmann<\/strong> ist ein Boutiquelabel aus Hamburg, das als\u00a0Coffee Specialty Roaster der skandinavischen R\u00f6stung\u00a0handverlesener Kaffees folgt. Wir lieben den Norden und haben\u00a0unsere erste Editionsreihe dem hygge-Gef\u00fchl Copenhagens\u00a0gewidmet. Warm, hochqualitativ, mit dem gewissen Extra.\u00a0Begeben Sie sich mit unseren Sorten Filter, Espresso und\u00a0Decaf (Evening Espresso) in belebende Morgenstunden,\u00a0zu jeder Tageszeit an die K\u00fcste oder nach einem langen\u00a0Spaziergang in einen gem\u00fctlichen Sessel mit einem guten Buch.<\/p>\n<p><strong>Entkoffeinierung mit Wasser:<\/strong><br \/>\nBeim Wasser-Entkoffeinierungsverfahren werden die Kaffeebohnen zun\u00e4chst mit Wasserdampf behandelt, um die Silberh\u00e4utchen zu l\u00f6sen und im Luftgegenstrom abzutrennen. Anschlie\u00dfend werden die wasserl\u00f6slichen Stoffe, einschlie\u00dflich des Koffeins, mithilfe von Wasser aus den Rohkaffeebohnen extrahiert. Das Koffein wird dann aus der entstandenen L\u00f6sung mithilfe von Aktivkohle entfernt. Schlie\u00dflich werden die Bohnen erneut mit der entkoffeinierten L\u00f6sung gewaschen und getrocknet.<\/p>","protected":false},"excerpt":{"rendered":"<p>Unser Copenhagen Evening Coffee Decaf \u00fcberzeugt mit vollem Geschmack \u2013 ganz ohne Koffein. Schonend entkoffeiniert mit reinem Wasser und sorgf\u00e4ltig ger\u00f6stet, entfalten die Bohnen weiche Noten von Karamell und Kakao. Perfekt f\u00fcr alle, die Genuss auch sp\u00e4t am Abend lieben.<\/p>\n<p>100% Arabica Bohnen Espresso Water Decaf (Brasilien).<\/p>","protected":false},"featured_media":875,"template":"","meta":[],"product_brand":[],"product_cat":[23],"product_tag":[69,62,71,73,72],"class_list":{"0":"post-764","1":"product","2":"type-product","3":"status-publish","4":"has-post-thumbnail","6":"product_cat-unsere-kaffees","7":"product_tag-beach","8":"product_tag-copenhagen","9":"product_tag-decaf","10":"product_tag-jacobsen-und-pohlmann","11":"product_tag-ohne-koffein","13":"first","14":"instock","15":"sale","16":"taxable","17":"shipping-taxable","18":"purchasable","19":"product-type-variable","20":"has-default-attributes"},"_links":{"self":[{"href":"https:\/\/jacobsen-pohlmann.de\/en\/wp-json\/wp\/v2\/product\/764","targetHints":{"allow":["GET"]}}],"collection":[{"href":"https:\/\/jacobsen-pohlmann.de\/en\/wp-json\/wp\/v2\/product"}],"about":[{"href":"https:\/\/jacobsen-pohlmann.de\/en\/wp-json\/wp\/v2\/types\/product"}],"wp:featuredmedia":[{"embeddable":true,"href":"https:\/\/jacobsen-pohlmann.de\/en\/wp-json\/wp\/v2\/media\/875"}],"wp:attachment":[{"href":"https:\/\/jacobsen-pohlmann.de\/en\/wp-json\/wp\/v2\/media?parent=764"}],"wp:term":[{"taxonomy":"product_brand","embeddable":true,"href":"https:\/\/jacobsen-pohlmann.de\/en\/wp-json\/wp\/v2\/product_brand?post=764"},{"taxonomy":"product_cat","embeddable":true,"href":"https:\/\/jacobsen-pohlmann.de\/en\/wp-json\/wp\/v2\/product_cat?post=764"},{"taxonomy":"product_tag","embeddable":true,"href":"https:\/\/jacobsen-pohlmann.de\/en\/wp-json\/wp\/v2\/product_tag?post=764"}],"curies":[{"name":"wp","href":"https:\/\/api.w.org\/{rel}","templated":true}]}}