{"id":769,"date":"2025-11-25T18:00:00","date_gmt":"2025-11-25T17:00:00","guid":{"rendered":"https:\/\/jacobsen-pohlmann.de\/?post_type=product&#038;p=769"},"modified":"2026-01-19T08:44:05","modified_gmt":"2026-01-19T07:44:05","slug":"copenhagen-filter-blend-edition-2","status":"publish","type":"product","link":"https:\/\/jacobsen-pohlmann.de\/en\/product\/copenhagen-filter-blend-edition-2\/","title":{"rendered":"Copenhagen Filter Blend Edition"},"content":{"rendered":"<p class=\"p2\">Our <strong>Copenhagen Filter Blend Edition<\/strong> brings Nordic clarity to the cup: gently roasted, elegantly balanced and ideal for an extended moment of enjoyment. With beans from Tanzania, Colombia and Brazil, it impresses with its mild acidity and subtle caramel flavour.<\/p>\n<p class=\"p1\">100% Arabica: Brazil Monte Belo, Kolumbien La Linda und Tanzania Ngila AA.<\/p>\n<p class=\"p1\">Jetzt zum Einf\u00fchrungspreis von 11,00 \u20ac je 250g.<\/p>\n<p class=\"p1\"><strong>Jacobsen &amp; Pohlmann<\/strong> ist ein Boutiquelabel aus Hamburg, das als Coffee Specialty Roaster der skandinavischen R\u00f6stung handverlesener Kaffees folgt. Wir lieben den Norden und haben unsere erste Editionsreihe dem hygge-Gef\u00fchl Copenhagens gewidmet. Warm, hochqualitativ, mit dem gewissen Extra. Begeben Sie sich mit unseren Sorten Filter, Espresso und Decaf (Evening Espresso) in belebende Morgenstunden, zu jeder Tageszeit an die K\u00fcste oder nach einem langen Spaziergang in einen gem\u00fctlichen Sessel mit einem guten Buch.<\/p>\n<pre id=\"tw-target-text\" class=\"tw-data-text tw-text-large XcVN5d tw-ta\" dir=\"ltr\" data-placeholder=\"\u00dcbersetzung\"><\/pre>","protected":false},"excerpt":{"rendered":"<p>Unsere Copenhagen Filter Blend Edition bringt nordische Klarheit in die Tasse: sanft ger\u00f6stet, elegant ausbalanciert und ideal f\u00fcr den verl\u00e4ngerten Genussmoment. Mit Bohnen aus Tansania, Kolumbien und Brasilien \u00fcberzeugt er durch eine milde S\u00e4ure und feine Karamellnoten.<\/p>\n<p>100% Arabica beans from Monte Belo (Brazil), La Linda (Colombia) and Tanzania Ngila AA (Tanzania).<\/p>","protected":false},"featured_media":877,"template":"","meta":[],"product_brand":[],"product_cat":[23],"product_tag":[69,68,62,67,66,70],"class_list":{"0":"post-769","1":"product","2":"type-product","3":"status-publish","4":"has-post-thumbnail","6":"product_cat-unsere-kaffees","7":"product_tag-beach","8":"product_tag-coffee","9":"product_tag-copenhagen","10":"product_tag-filter","11":"product_tag-filter-blend","12":"product_tag-jacobsen-pohlmann","14":"first","15":"instock","16":"sale","17":"taxable","18":"shipping-taxable","19":"purchasable","20":"product-type-variable","21":"has-default-attributes"},"_links":{"self":[{"href":"https:\/\/jacobsen-pohlmann.de\/en\/wp-json\/wp\/v2\/product\/769","targetHints":{"allow":["GET"]}}],"collection":[{"href":"https:\/\/jacobsen-pohlmann.de\/en\/wp-json\/wp\/v2\/product"}],"about":[{"href":"https:\/\/jacobsen-pohlmann.de\/en\/wp-json\/wp\/v2\/types\/product"}],"wp:featuredmedia":[{"embeddable":true,"href":"https:\/\/jacobsen-pohlmann.de\/en\/wp-json\/wp\/v2\/media\/877"}],"wp:attachment":[{"href":"https:\/\/jacobsen-pohlmann.de\/en\/wp-json\/wp\/v2\/media?parent=769"}],"wp:term":[{"taxonomy":"product_brand","embeddable":true,"href":"https:\/\/jacobsen-pohlmann.de\/en\/wp-json\/wp\/v2\/product_brand?post=769"},{"taxonomy":"product_cat","embeddable":true,"href":"https:\/\/jacobsen-pohlmann.de\/en\/wp-json\/wp\/v2\/product_cat?post=769"},{"taxonomy":"product_tag","embeddable":true,"href":"https:\/\/jacobsen-pohlmann.de\/en\/wp-json\/wp\/v2\/product_tag?post=769"}],"curies":[{"name":"wp","href":"https:\/\/api.w.org\/{rel}","templated":true}]}}